{"id":1482,"date":"2024-10-16T18:20:01","date_gmt":"2024-10-17T00:20:01","guid":{"rendered":"https:\/\/villaatl.com\/?page_id=1482"},"modified":"2024-10-16T18:32:18","modified_gmt":"2024-10-17T00:32:18","slug":"avisodeprivacidad","status":"publish","type":"page","link":"https:\/\/villaatl.com\/avisodeprivacidad\/","title":{"rendered":"Aviso de privacidad"},"content":{"rendered":"\t\t<div data-elementor-type=\"wp-page\" data-elementor-id=\"1482\" class=\"elementor elementor-1482\">\n\t\t\t\t\t\t<section class=\"elementor-section elementor-top-section elementor-element elementor-element-aa633cc elementor-section-boxed elementor-section-height-default elementor-section-height-default wpr-particle-no wpr-jarallax-no wpr-parallax-no wpr-sticky-section-no\" data-id=\"aa633cc\" data-element_type=\"section\">\n\t\t\t\t\t\t<div class=\"elementor-container elementor-column-gap-default\">\n\t\t\t\t\t<div class=\"elementor-column elementor-col-100 elementor-top-column elementor-element elementor-element-883b5d7\" data-id=\"883b5d7\" data-element_type=\"column\">\n\t\t\t<div class=\"elementor-widget-wrap elementor-element-populated\">\n\t\t\t\t\t\t<div class=\"elementor-element elementor-element-bbfc265 elementor-widget elementor-widget-heading\" data-id=\"bbfc265\" data-element_type=\"widget\" data-widget_type=\"heading.default\">\n\t\t\t\t<div class=\"elementor-widget-container\">\n\t\t\t<h2 class=\"elementor-heading-title elementor-size-default\"><p style=\"font-size: 15px; font-style: normal; font-weight: 400; color: rgb(0, 0, 0); white-space-collapse: collapse;\"><br><\/p>Aviso de Privacidad de Villa Atl, Aldea Global de Desarrollo A.C.<\/h2>\t\t<\/div>\n\t\t\t\t<\/div>\n\t\t\t\t\t<\/div>\n\t\t<\/div>\n\t\t\t\t\t<\/div>\n\t\t<\/section>\n\t\t\t\t<section class=\"elementor-section elementor-top-section elementor-element elementor-element-d1ef3ee elementor-section-boxed elementor-section-height-default elementor-section-height-default wpr-particle-no wpr-jarallax-no wpr-parallax-no wpr-sticky-section-no\" data-id=\"d1ef3ee\" data-element_type=\"section\">\n\t\t\t\t\t\t<div class=\"elementor-container elementor-column-gap-default\">\n\t\t\t\t\t<div class=\"elementor-column elementor-col-100 elementor-top-column elementor-element elementor-element-a522539\" data-id=\"a522539\" data-element_type=\"column\">\n\t\t\t<div class=\"elementor-widget-wrap\">\n\t\t\t\t\t\t\t<\/div>\n\t\t<\/div>\n\t\t\t\t\t<\/div>\n\t\t<\/section>\n\t\t\t\t<section class=\"elementor-section elementor-top-section elementor-element elementor-element-3c6a70f elementor-section-boxed elementor-section-height-default elementor-section-height-default wpr-particle-no wpr-jarallax-no wpr-parallax-no wpr-sticky-section-no\" data-id=\"3c6a70f\" data-element_type=\"section\">\n\t\t\t\t\t\t<div class=\"elementor-container elementor-column-gap-default\">\n\t\t\t\t\t<div class=\"elementor-column elementor-col-100 elementor-top-column elementor-element elementor-element-e510307\" data-id=\"e510307\" data-element_type=\"column\">\n\t\t\t<div class=\"elementor-widget-wrap elementor-element-populated\">\n\t\t\t\t\t\t<div class=\"elementor-element elementor-element-9e6bd36 elementor-widget elementor-widget-text-editor\" data-id=\"9e6bd36\" data-element_type=\"widget\" data-widget_type=\"text-editor.default\">\n\t\t\t\t<div class=\"elementor-widget-container\">\n\t\t\t\t\t\t\t<p><span style=\"font-size: 15px;\">En Villa Atl, Aldea Global de Desarrollo A.C., con domicilio en Ocotal 5, 72940 Santa Mar\u00eda Xonacatepec, Puebla, M\u00e9xico, y portal de internet www.villaatl.com nos comprometemos a proteger su privacidad y a cumplir con las leyes aplicables en materia de protecci\u00f3n de datos personales. A continuaci\u00f3n, describimos c\u00f3mo recabamos, utilizamos, almacenamos y protegemos la informaci\u00f3n personal que nos proporciones a trav\u00e9s de nuestras plataformas digitales y actividades.\u00a0<\/span><\/p><p><b>1. Datos Personales Recabados<\/b><\/p><p>Podemos recopilar los siguientes datos personales de manera directa o a trav\u00e9s de nuestros formularios, correos electr\u00f3nicos y redes sociales:<\/p><p>\u2022 Nombre completo<br \/>\u2022 Correo electr\u00f3nico<br \/>\u2022 N\u00famero de tel\u00e9fono<br \/>\u2022 Direcci\u00f3n<br \/>\u2022 Informaci\u00f3n relacionada con pagos o donaciones<br \/>\u2022 Datos de contacto para inscripciones a eventos o actividades<\/p><p>No recopilamos datos sensibles sin tu consentimiento expl\u00edcito.<\/p><p><b>2. Uso de los Datos Personales<\/b><\/p><p>Los datos personales que recabamos se utilizan con los siguientes fines:<\/p><p>\u2022 Procesar solicitudes o inscripciones a nuestros eventos, campamentos o servicios.<br \/>\u2022 Enviar informaci\u00f3n sobre nuestras actividades, eventos, productos con causa y novedades.<br \/>\u2022 Gestionar la colaboraci\u00f3n con voluntarios y donantes.<br \/>\u2022 Generar estad\u00edsticas o reportes para mejorar nuestros programas.<br \/>\u2022 Cumplir con las obligaciones legales derivadas de nuestra relaci\u00f3n contigo.<\/p><p>En ning\u00fan caso compartiremos tus datos personales con terceros sin tu consentimiento previo, salvo cuando sea requerido por ley.<\/p><p><b>3. Protecci\u00f3n de Datos Personales<\/b><\/p><p>En Villa Atl, hemos implementado medidas de seguridad t\u00e9cnicas y organizativas para proteger tus datos personales contra p\u00e9rdida, uso indebido o acceso no autorizado.<\/p><p><b>4. Derechos del Titular de los Datos<\/b><\/p><p>Tienes derecho a:<\/p><p>\u2022 Acceder a tus datos personales.<br \/>\u2022 Rectificar la informaci\u00f3n en caso de ser incorrecta.<br \/>\u2022 Cancelar tus datos si consideras que no son necesarios para los fines mencionados.<br \/>\u2022 Oponerte al uso de tus datos personales para fines espec\u00edficos.<\/p><p>Para ejercer estos derechos, puedes enviarnos una solicitud al correo electr\u00f3nico: crecimiento@villaatl.com o al n\u00famero de celular: 2224748052<\/p><p><b>5. Modificaciones al Aviso de Privacidad<\/b><\/p><p>Villa Atl se reserva el derecho de realizar modificaciones o actualizaciones a este Aviso de Privacidad para reflejar cambios en nuestras pr\u00e1cticas o nuevas obligaciones legales. Cualquier cambio ser\u00e1 notificado a trav\u00e9s de nuestras redes sociales y medios digitales.<\/p><p><b>6. Contacto<\/b><\/p><p>Si tienes alguna duda o inquietud sobre este Aviso de Privacidad o el manejo de tus datos personales, no dudes en contactarnos al correo electr\u00f3nico: <b>crecimiento@villaatl.com<\/b><\/p><p>Villa Atl, Aldea Global de Desarrollo A.C.<\/p><p>Siempre comprometidos con la privacidad y seguridad de tu informaci\u00f3n.<\/p><p>Fecha de \u00faltima actualizaci\u00f3n: 15\/10\/2024<\/p><div>\u00a0<\/div>\t\t\t\t\t\t<\/div>\n\t\t\t\t<\/div>\n\t\t\t\t\t<\/div>\n\t\t<\/div>\n\t\t\t\t\t<\/div>\n\t\t<\/section>\n\t\t\t\t<\/div>\n\t\t","protected":false},"excerpt":{"rendered":"<p>Aviso de Privacidad de Villa Atl, Aldea Global de Desarrollo A.C. En Villa Atl, Aldea Global de Desarrollo A.C., con domicilio en Ocotal 5, 72940 Santa Mar\u00eda Xonacatepec, Puebla, M\u00e9xico, y portal de internet www.villaatl.com nos comprometemos a proteger su privacidad y a cumplir con las leyes aplicables en materia de protecci\u00f3n de datos personales. A continuaci\u00f3n, describimos c\u00f3mo recabamos, utilizamos, almacenamos y protegemos la informaci\u00f3n personal que nos proporciones a trav\u00e9s de nuestras plataformas digitales y actividades.\u00a0 1. Datos Personales Recabados Podemos recopilar los siguientes datos personales de manera directa o a trav\u00e9s de nuestros formularios, correos electr\u00f3nicos y redes sociales: \u2022 Nombre completo\u2022 Correo electr\u00f3nico\u2022 N\u00famero de tel\u00e9fono\u2022 Direcci\u00f3n\u2022 Informaci\u00f3n relacionada con pagos o donaciones\u2022 Datos de contacto para inscripciones a eventos o actividades No recopilamos datos sensibles sin tu consentimiento expl\u00edcito. 2. Uso de los Datos Personales Los datos personales que recabamos se utilizan con los siguientes fines: \u2022 Procesar solicitudes o inscripciones a nuestros eventos, campamentos o servicios.\u2022 Enviar informaci\u00f3n sobre nuestras actividades, eventos, productos con causa y novedades.\u2022 Gestionar la colaboraci\u00f3n con voluntarios y donantes.\u2022 Generar estad\u00edsticas o reportes para mejorar nuestros programas.\u2022 Cumplir con las obligaciones legales derivadas de nuestra relaci\u00f3n contigo. En ning\u00fan caso compartiremos tus datos personales con terceros sin tu consentimiento previo, salvo cuando sea requerido por ley. 3. Protecci\u00f3n de Datos Personales En Villa Atl, hemos implementado medidas de seguridad t\u00e9cnicas y organizativas para proteger tus datos personales contra p\u00e9rdida, uso indebido o acceso no autorizado. 4. Derechos del Titular de los Datos Tienes derecho a: \u2022 Acceder a tus datos personales.\u2022 Rectificar la informaci\u00f3n en caso de ser incorrecta.\u2022 Cancelar tus datos si consideras que no son necesarios para los fines mencionados.\u2022 Oponerte al uso de tus datos personales para fines espec\u00edficos. Para ejercer estos derechos, puedes enviarnos una solicitud al correo electr\u00f3nico: crecimiento@villaatl.com o al n\u00famero de celular: 2224748052 5. Modificaciones al Aviso de Privacidad Villa Atl se reserva el derecho de realizar modificaciones o actualizaciones a este Aviso de Privacidad para reflejar cambios en nuestras pr\u00e1cticas o nuevas obligaciones legales. Cualquier cambio ser\u00e1 notificado a trav\u00e9s de nuestras redes sociales y medios digitales. 6. Contacto Si tienes alguna duda o inquietud sobre este Aviso de Privacidad o el manejo de tus datos personales, no dudes en contactarnos al correo electr\u00f3nico: crecimiento@villaatl.com Villa Atl, Aldea Global de Desarrollo A.C. Siempre comprometidos con la privacidad y seguridad de tu informaci\u00f3n. Fecha de \u00faltima actualizaci\u00f3n: 15\/10\/2024 \u00a0<\/p>\n","protected":false},"author":2,"featured_media":0,"parent":0,"menu_order":0,"comment_status":"closed","ping_status":"closed","template":"","meta":{"_price":"","_stock":"","_tribe_ticket_header":"","_tribe_default_ticket_provider":"","_tribe_ticket_capacity":"0","_ticket_start_date":"","_ticket_end_date":"","_tribe_ticket_show_description":"","_tribe_ticket_show_not_going":false,"_tribe_ticket_use_global_stock":"","_tribe_ticket_global_stock_level":"","_global_stock_mode":"","_global_stock_cap":"","_tribe_rsvp_for_event":"","_tribe_ticket_going_count":"","_tribe_ticket_not_going_count":"","_tribe_tickets_list":"[]","_tribe_ticket_has_attendee_info_fields":false,"footnotes":""},"class_list":["post-1482","page","type-page","status-publish","hentry"],"jetpack_sharing_enabled":true,"ticketed":false,"_links":{"self":[{"href":"https:\/\/villaatl.com\/wp-json\/wp\/v2\/pages\/1482"}],"collection":[{"href":"https:\/\/villaatl.com\/wp-json\/wp\/v2\/pages"}],"about":[{"href":"https:\/\/villaatl.com\/wp-json\/wp\/v2\/types\/page"}],"author":[{"embeddable":true,"href":"https:\/\/villaatl.com\/wp-json\/wp\/v2\/users\/2"}],"replies":[{"embeddable":true,"href":"https:\/\/villaatl.com\/wp-json\/wp\/v2\/comments?post=1482"}],"version-history":[{"count":7,"href":"https:\/\/villaatl.com\/wp-json\/wp\/v2\/pages\/1482\/revisions"}],"predecessor-version":[{"id":1490,"href":"https:\/\/villaatl.com\/wp-json\/wp\/v2\/pages\/1482\/revisions\/1490"}],"wp:attachment":[{"href":"https:\/\/villaatl.com\/wp-json\/wp\/v2\/media?parent=1482"}],"curies":[{"name":"wp","href":"https:\/\/api.w.org\/{rel}","templated":true}]}}