{"id":1374,"date":"2024-09-17T19:20:45","date_gmt":"2024-09-18T01:20:45","guid":{"rendered":"https:\/\/villaatl.com\/?page_id=1374"},"modified":"2024-09-17T22:04:43","modified_gmt":"2024-09-18T04:04:43","slug":"terminos-condiciones-santuario","status":"publish","type":"page","link":"https:\/\/villaatl.com\/terminos-condiciones-santuario\/","title":{"rendered":"Terminos y condiciones experiencias"},"content":{"rendered":"\t\t<div data-elementor-type=\"wp-page\" data-elementor-id=\"1374\" class=\"elementor elementor-1374\">\n\t\t\t\t\t\t<section class=\"elementor-section elementor-top-section elementor-element elementor-element-4069767 elementor-section-boxed elementor-section-height-default elementor-section-height-default wpr-particle-no wpr-jarallax-no wpr-parallax-no wpr-sticky-section-no\" data-id=\"4069767\" data-element_type=\"section\">\n\t\t\t\t\t\t<div class=\"elementor-container elementor-column-gap-default\">\n\t\t\t\t\t<div class=\"elementor-column elementor-col-100 elementor-top-column elementor-element elementor-element-568e4cf\" data-id=\"568e4cf\" data-element_type=\"column\">\n\t\t\t<div class=\"elementor-widget-wrap elementor-element-populated\">\n\t\t\t\t\t\t<div class=\"elementor-element elementor-element-ac42dbf elementor-widget elementor-widget-heading\" data-id=\"ac42dbf\" data-element_type=\"widget\" data-widget_type=\"heading.default\">\n\t\t\t\t<div class=\"elementor-widget-container\">\n\t\t\t<h2 class=\"elementor-heading-title elementor-size-default\">T\u00c9RMINOS Y CONDICIONES DEL SERVICIO Y AVISO DE PRIVACIDAD<\/h2>\t\t<\/div>\n\t\t\t\t<\/div>\n\t\t\t\t\t<\/div>\n\t\t<\/div>\n\t\t\t\t\t<\/div>\n\t\t<\/section>\n\t\t\t\t<section class=\"elementor-section elementor-top-section elementor-element elementor-element-b1347d7 elementor-section-boxed elementor-section-height-default elementor-section-height-default wpr-particle-no wpr-jarallax-no wpr-parallax-no wpr-sticky-section-no\" data-id=\"b1347d7\" data-element_type=\"section\">\n\t\t\t\t\t\t<div class=\"elementor-container elementor-column-gap-default\">\n\t\t\t\t\t<div class=\"elementor-column elementor-col-100 elementor-top-column elementor-element elementor-element-94efd50\" data-id=\"94efd50\" data-element_type=\"column\">\n\t\t\t<div class=\"elementor-widget-wrap elementor-element-populated\">\n\t\t\t\t\t\t<div class=\"elementor-element elementor-element-86d2605 elementor-widget elementor-widget-text-editor\" data-id=\"86d2605\" data-element_type=\"widget\" data-widget_type=\"text-editor.default\">\n\t\t\t\t<div class=\"elementor-widget-container\">\n\t\t\t\t\t\t\t<p align=\"justify\"><span style=\"color: #000000;\"><span style=\"font-family: Arial, serif;\"><b>Villa Atl, Aldea Global de Desarrollo A.C.<\/b><\/span><\/span><span style=\"color: #000000;\"><span style=\"font-family: Arial, serif;\">, con domicilio en Ocotal 5, 72940 Santa Mar\u00eda Xonacatepec, Puebla, M\u00e9xico, establece los siguientes t\u00e9rminos y condiciones para los visitantes del <\/span><\/span><span style=\"color: #000000;\"><span style=\"font-family: Arial, serif;\"><b>Santuario del Ajolote y el bosque<\/b><\/span><\/span><span style=\"color: #000000;\"><span style=\"font-family: Arial, serif;\">, as\u00ed como el tratamiento de los datos personales recabados durante su visita.<\/span><\/span><\/p><p align=\"justify\"><span style=\"color: #000000;\"><span style=\"font-family: Arial, serif;\"><b>1. Modalidades de Reserva<\/b><\/span><\/span><\/p><p align=\"justify\"><span style=\"color: #000000;\"><span style=\"font-family: Arial, serif;\">Las visitas al Santuario del Ajolote pueden reservarse bajo las siguientes modalidades:<\/span><\/span><\/p><p><span style=\"color: #000000;\"><span style=\"font-family: Arial, serif;\"><b>Reservas en Sitio Web:<\/b><\/span><\/span><span style=\"color: #000000;\"><span style=\"font-family: Arial, serif;\"> Las reservas realizadas a trav\u00e9s de nuestro sitio web son definitivas y no admiten reembolso.<\/span><\/span><\/p><p align=\"justify\"><span style=\"color: #000000;\"><span style=\"font-family: Arial, serif;\"><b>Reservas con Grupos:<\/b><\/span><\/span><span style=\"color: #000000;\"><span style=\"font-family: Arial, serif;\"> Las reservas hechas directamente con grupos son a trav\u00e9s del correo <\/span><\/span><span style=\"color: #0563c1;\"><u><a href=\"mailto:experienciasantuario@villaatl.com\"><span style=\"font-family: Arial, serif;\">experienciasantuario@villaatl.com<\/span><\/a><\/u><\/span><span style=\"color: #000000;\"><span style=\"font-family: Arial, serif;\"> o bien por WhatsApp al \u201c2224748052\u201d (escuelas, empresas u organizaciones); tampoco se permiten reembolsos debido al car\u00e1cter no lucrativo de nuestra asociaci\u00f3n. Los fondos recaudados son destinados exclusivamente a programas de conservaci\u00f3n, educaci\u00f3n ambiental, as\u00ed como al mantenimiento del santuario y los gastos generados por este.<\/span><\/span><\/p><p align=\"justify\"><span style=\"color: #000000;\"><span style=\"font-family: Arial, serif;\"><b>2. Pol\u00edtica de Facturaci\u00f3n<\/b><\/span><\/span><\/p><p><span style=\"color: #000000;\"><span style=\"font-family: Arial, serif;\">Villa Atl emitir\u00e1 facturas \u00fanicamente si se solicitan dentro\u00a0de los d\u00edas h\u00e1biles del mes en que se realiz\u00f3 el pago a trav\u00e9s del correo <\/span><\/span><span style=\"color: #0563c1;\"><u><a href=\"mailto:administracion@villaatl.com\"><span style=\"font-family: Roboto, serif;\"><span style=\"font-size: small;\">administracion@villaatl.com<\/span><\/span><\/a><\/u><\/span><span style=\"color: #000000;\"><span style=\"font-family: Arial, serif;\">. Es responsabilidad del visitante proporcionar la informaci\u00f3n correcta y completa en los siguientes horarios (8:00am &#8211; 4:00pm)para la emisi\u00f3n de la factura.<\/span><\/span><\/p><p align=\"justify\"><span style=\"color: #000000;\"><span style=\"font-family: Arial, serif;\"><b>3. Puntualidad y Participaci\u00f3n<\/b><\/span><\/span><\/p><p><span style=\"color: #000000;\"><span style=\"font-family: Arial, serif;\">Los visitantes deber\u00e1n presentarse en el Santuario al menos 10 minutos antes del horario agendado para su recorrido. No se tolerar\u00e1n retrasos debido a la programaci\u00f3n del d\u00eda.<\/span><\/span><\/p><p><span style=\"color: #000000;\"><span style=\"font-family: Arial, serif;\">El cupo m\u00ednimo para llevar a cabo la experiencia es de 10 personas.<\/span><\/span><\/p><p><span style=\"color: #000000;\"><span style=\"font-family: Arial, serif;\">Los grupos podr\u00e1n incluir m\u00e1s visitantes hasta completar el cupo m\u00e1ximo de 15 personas por horario.<\/span><\/span><\/p><p align=\"justify\"><span style=\"color: #000000;\"><span style=\"font-family: Arial, serif;\">En caso de no cumplir con los horarios establecidos, Villa Atl no est\u00e1 obligada a ofrecer reprogramaciones ni reembolsos.<\/span><\/span><\/p><p align=\"justify\"><span style=\"color: #000000;\"><span style=\"font-family: Arial, serif;\"><b>4. Condiciones de Seguridad<\/b><\/span><\/span><\/p><ul><li><p align=\"justify\"><span style=\"color: #000000;\"><span style=\"font-family: Arial, serif;\"><b>Fotograf\u00eda:<\/b><\/span><\/span><span style=\"color: #000000;\"><span style=\"font-family: Arial, serif;\"> Est\u00e1 permitido tomar fotograf\u00edas dentro del Santuario, pero sin el uso de flash para proteger a los ajolotes.<\/span><\/span><\/p><\/li><li><p align=\"justify\"><span style=\"color: #000000;\"><span style=\"font-family: Arial, serif;\"><b>Responsabilidad Personal:<\/b><\/span><\/span><span style=\"color: #000000;\"><span style=\"font-family: Arial, serif;\"> Villa Atl no se hace responsable por accidentes, heridas, lesiones generadas por el mal uso del mobiliario o por la omisi\u00f3n de instrucciones emitidas por parte del personal; as\u00ed como objetos olvidados, extraviados o robos en el \u00e1rea del bosque, estacionamiento, del Santuario o cualquiera de las instalaciones ubicadas dentro del parque. Los visitantes aceptan participar bajo su propia responsabilidad.<\/span><\/span><\/p><\/li><\/ul><p align=\"justify\"><span style=\"color: #000000;\"><span style=\"font-family: Arial, serif;\">En el caso de los menores de edad y personas vulnerables, los padres o tutores de los mismos deber\u00e1n vigilar en\u00a0cualquier momento a sus familiares.<\/span><\/span><\/p><ul><li><p align=\"justify\"><span style=\"color: #000000;\"><span style=\"font-family: Arial, serif;\"><b>Protecci\u00f3n a los espec\u00edmenes:<\/b><\/span><\/span><span style=\"color: #000000;\"><span style=\"font-family: Arial, serif;\">\u00a0 As\u00ed mismo, se solicita que en ning\u00fan momento y bajo ninguna circunstancia los ejemplares sean manipulados por personas ajenas a sus cuidadores, de lo contrario, las personas involucradas ser\u00e1n expulsadas inmediatamente del santuario y del parque, sin posibilidad alguna de reembolso.<\/span><\/span><\/p><\/li><li><p align=\"justify\"><span style=\"color: #000000;\"><span style=\"font-family: Arial, serif;\"><b>Queda estrictamente prohibido<\/b><\/span><\/span><span style=\"color: #000000;\"><span style=\"font-family: Arial, serif;\"> consumir sustancias ilegales, bebidas recreativas, alimentos cocinados con alguna droga\u00a0y\/o sustancias recreativas dentro del parque o sus instalaciones. En caso de no obedecer, la o las personas involucradas ser\u00e1n remitidas a las autoridades. Igualmente, queda prohibido entrar con armas punzo cortantes o de fuego.<\/span><\/span><\/p><\/li><li><p align=\"justify\"><span style=\"color: #000000;\"><span style=\"font-family: Arial, serif;\"><b>Uso de las instalaciones<\/b><\/span><\/span><span style=\"color: #000000;\"><span style=\"font-family: Arial, serif;\">: Villa Atl cuenta con instalaciones como el fogatero, el jaguey, las \u00e1reas para hacer parrilladas, el pabell\u00f3n Izta-popotl, el santuario del ajolote, etc\u00e9tera; el p\u00fablico que decida hacer uso de estos inmuebles deber\u00e1 hacerlo de forma pac\u00edfica y respetuosa, as\u00ed mismo, deber\u00e1n responsabilizarse de los residuos generados, dej\u00e1ndolos en la basura o \u00e1rea requerida<\/span><\/span><\/p><\/li><\/ul><p align=\"justify\"><span style=\"color: #000000;\"><span style=\"font-family: Arial, serif;\"><b>6. Tratamiento de Datos Personales<\/b><\/span><\/span><\/p><p align=\"justify\"><span style=\"color: #000000;\"><span style=\"font-family: Arial, serif;\"><b>Villa Atl<\/b><\/span><\/span><span style=\"color: #000000;\"><span style=\"font-family: Arial, serif;\"> recaba y trata datos personales para las siguientes finalidades:<\/span><\/span><\/p><ul><li><p align=\"justify\"><span style=\"color: #000000;\"><span style=\"font-family: Arial, serif;\"><b>Identificaci\u00f3n y contacto:<\/b><\/span><\/span><span style=\"color: #000000;\"><span style=\"font-family: Arial, serif;\"> Para gestionar reservas y mantener comunicaci\u00f3n con los visitantes.<\/span><\/span><\/p><\/li><li><p align=\"justify\"><span style=\"color: #000000;\"><span style=\"font-family: Arial, serif;\"><b>Documentaci\u00f3n y difusi\u00f3n:<\/b><\/span><\/span><span style=\"color: #000000;\"><span style=\"font-family: Arial, serif;\"> Para compartir im\u00e1genes y materiales audiovisuales de nuestras actividades.<\/span><\/span><\/p><\/li><li><p align=\"justify\"><span style=\"color: #000000;\"><span style=\"font-family: Arial, serif;\"><b>Facturaci\u00f3n:<\/b><\/span><\/span><span style=\"color: #000000;\"><span style=\"font-family: Arial, serif;\"> Para emitir comprobantes fiscales.<\/span><\/span><\/p><\/li><li><p align=\"justify\"><span style=\"color: #000000;\"><span style=\"font-family: Arial, serif;\"><b>Seguridad:<\/b><\/span><\/span><span style=\"color: #000000;\"><span style=\"font-family: Arial, serif;\"> Para garantizar la seguridad de los visitantes y del personal.<\/span><\/span><\/p><\/li><\/ul><p align=\"justify\"><span style=\"color: #000000;\"><span style=\"font-family: Arial, serif;\"><b>7. Limitaci\u00f3n de Uso y Divulgaci\u00f3n de Datos<\/b><\/span><\/span><\/p><p align=\"justify\"><span style=\"color: #000000;\"><span style=\"font-family: Arial, serif;\">Nos comprometemos a no divulgar los datos personales recabados a terceros ajenos a Villa Atl, salvo cuando:<\/span><\/span><\/p><ul><li><p align=\"justify\"><span style=\"color: #000000;\"><span style=\"font-family: Arial, serif;\">Sea requerido por una autoridad competente conforme a la legislaci\u00f3n aplicable.<\/span><\/span><\/p><\/li><li><p align=\"justify\"><span style=\"color: #000000;\"><span style=\"font-family: Arial, serif;\">Se trate de un colaborador o proveedor de servicios que necesite los datos para llevar a cabo funciones relacionadas con las actividades del Santuario, bajo estrictas medidas de confidencialidad.<\/span><\/span><\/p><\/li><\/ul><p align=\"justify\"><span style=\"color: #000000;\"><span style=\"font-family: Arial, serif;\"><b>8. Derechos ARCO (Acceso, Rectificaci\u00f3n, Cancelaci\u00f3n y Oposici\u00f3n)<\/b><\/span><\/span><\/p><p align=\"justify\"><span style=\"color: #000000;\"><span style=\"font-family: Arial, serif;\">Como titular de los datos personales, usted tiene derecho a:<\/span><\/span><\/p><ul><li><p align=\"justify\"><span style=\"color: #000000;\"><span style=\"font-family: Arial, serif;\"><b>Acceder:<\/b><\/span><\/span><span style=\"color: #000000;\"><span style=\"font-family: Arial, serif;\"> Conocer los datos personales que tenemos y c\u00f3mo se utilizan.<\/span><\/span><\/p><\/li><li><p align=\"justify\"><span style=\"color: #000000;\"><span style=\"font-family: Arial, serif;\"><b>Rectificar:<\/b><\/span><\/span><span style=\"color: #000000;\"><span style=\"font-family: Arial, serif;\"> Solicitar la correcci\u00f3n de sus datos si son inexactos o incompletos.<\/span><\/span><\/p><\/li><li><p align=\"justify\"><span style=\"color: #000000;\"><span style=\"font-family: Arial, serif;\"><b>Cancelar:<\/b><\/span><\/span><span style=\"color: #000000;\"><span style=\"font-family: Arial, serif;\"> Solicitar la eliminaci\u00f3n de sus datos cuando no sean necesarios para las finalidades mencionadas.<\/span><\/span><\/p><\/li><li><p align=\"justify\"><span style=\"color: #000000;\"><span style=\"font-family: Arial, serif;\"><b>Oponerse:<\/b><\/span><\/span><span style=\"color: #000000;\"><span style=\"font-family: Arial, serif;\"> Negarse al uso de sus datos personales para fines espec\u00edficos.<\/span><\/span><\/p><\/li><\/ul><p align=\"justify\"><span style=\"color: #000000;\"><span style=\"font-family: Arial, serif;\">Para ejercer estos derechos, comun\u00edquese con nosotros a trav\u00e9s de [correo electr\u00f3nico] o en nuestra direcci\u00f3n f\u00edsica.<\/span><\/span><\/p><p align=\"justify\"><span style=\"color: #000000;\"><span style=\"font-family: Arial, serif;\"><b>9. Aceptaci\u00f3n de T\u00e9rminos<\/b><\/span><\/span><\/p><p align=\"justify\"><span style=\"color: #000000;\"><span style=\"font-family: Arial, serif;\">Al realizar una reserva y participar en nuestras actividades, los visitantes aceptan estos t\u00e9rminos y condiciones, incluyendo el aviso de privacidad y el uso de su imagen para los fines antes mencionados, liberando a Villa Atl de cualquier responsabilidad relacionada con su visita al Santuario del Ajolote.<\/span><\/span><\/p><p align=\"justify\"><span style=\"color: #000000;\"><span style=\"font-family: Arial, serif;\"><b>10. Legislaci\u00f3n Aplicable y Jurisdicci\u00f3n<\/b><\/span><\/span><\/p><p align=\"justify\"><span style=\"color: #000000;\"><span style=\"font-family: Arial, serif;\">Este documento se regir\u00e1 e interpretar\u00e1 de acuerdo con la legislaci\u00f3n vigente en M\u00e9xico y el Estado de Puebla. Para la interpretaci\u00f3n y cumplimiento de este aviso, las partes se someten a la jurisdicci\u00f3n de los tribunales correspondientes en el estado de Puebla o a las autoridades pertinentes.<\/span><\/span><\/p><p align=\"justify\"><span style=\"color: #000000;\"><span style=\"font-family: Arial, serif;\"><b>11. Modificaciones al Aviso de Privacidad y T\u00e9rminos y Condiciones<\/b><\/span><\/span><\/p><p align=\"justify\"><span style=\"color: #000000;\"><span style=\"font-family: Arial, serif;\">Villa Atl se reserva el derecho de modificar este documento en cualquier momento. Los cambios ser\u00e1n comunicados a trav\u00e9s de nuestro sitio web o mediante otros medios de contacto proporcionados por los visitantes.<\/span><\/span><\/p>\t\t\t\t\t\t<\/div>\n\t\t\t\t<\/div>\n\t\t\t\t<div class=\"elementor-element elementor-element-45c35a3 elementor-widget elementor-widget-spacer\" data-id=\"45c35a3\" data-element_type=\"widget\" data-widget_type=\"spacer.default\">\n\t\t\t\t<div class=\"elementor-widget-container\">\n\t\t\t\t\t<div class=\"elementor-spacer\">\n\t\t\t<div class=\"elementor-spacer-inner\"><\/div>\n\t\t<\/div>\n\t\t\t\t<\/div>\n\t\t\t\t<\/div>\n\t\t\t\t\t<\/div>\n\t\t<\/div>\n\t\t\t\t\t<\/div>\n\t\t<\/section>\n\t\t\t\t<\/div>\n\t\t","protected":false},"excerpt":{"rendered":"<p>T\u00c9RMINOS Y CONDICIONES DEL SERVICIO Y AVISO DE PRIVACIDAD Villa Atl, Aldea Global de Desarrollo A.C., con domicilio en Ocotal 5, 72940 Santa Mar\u00eda Xonacatepec, Puebla, M\u00e9xico, establece los siguientes t\u00e9rminos y condiciones para los visitantes del Santuario del Ajolote y el bosque, as\u00ed como el tratamiento de los datos personales recabados durante su visita. 1. Modalidades de Reserva Las visitas al Santuario del Ajolote pueden reservarse bajo las siguientes modalidades: Reservas en Sitio Web: Las reservas realizadas a trav\u00e9s de nuestro sitio web son definitivas y no admiten reembolso. Reservas con Grupos: Las reservas hechas directamente con grupos son a trav\u00e9s del correo experienciasantuario@villaatl.com o bien por WhatsApp al \u201c2224748052\u201d (escuelas, empresas u organizaciones); tampoco se permiten reembolsos debido al car\u00e1cter no lucrativo de nuestra asociaci\u00f3n. Los fondos recaudados son destinados exclusivamente a programas de conservaci\u00f3n, educaci\u00f3n ambiental, as\u00ed como al mantenimiento del santuario y los gastos generados por este. 2. Pol\u00edtica de Facturaci\u00f3n Villa Atl emitir\u00e1 facturas \u00fanicamente si se solicitan dentro\u00a0de los d\u00edas h\u00e1biles del mes en que se realiz\u00f3 el pago a trav\u00e9s del correo administracion@villaatl.com. Es responsabilidad del visitante proporcionar la informaci\u00f3n correcta y completa en los siguientes horarios (8:00am &#8211; 4:00pm)para la emisi\u00f3n de la factura. 3. Puntualidad y Participaci\u00f3n Los visitantes deber\u00e1n presentarse en el Santuario al menos 10 minutos antes del horario agendado para su recorrido. No se tolerar\u00e1n retrasos debido a la programaci\u00f3n del d\u00eda. El cupo m\u00ednimo para llevar a cabo la experiencia es de 10 personas. Los grupos podr\u00e1n incluir m\u00e1s visitantes hasta completar el cupo m\u00e1ximo de 15 personas por horario. En caso de no cumplir con los horarios establecidos, Villa Atl no est\u00e1 obligada a ofrecer reprogramaciones ni reembolsos. 4. Condiciones de Seguridad Fotograf\u00eda: Est\u00e1 permitido tomar fotograf\u00edas dentro del Santuario, pero sin el uso de flash para proteger a los ajolotes. Responsabilidad Personal: Villa Atl no se hace responsable por accidentes, heridas, lesiones generadas por el mal uso del mobiliario o por la omisi\u00f3n de instrucciones emitidas por parte del personal; as\u00ed como objetos olvidados, extraviados o robos en el \u00e1rea del bosque, estacionamiento, del Santuario o cualquiera de las instalaciones ubicadas dentro del parque. Los visitantes aceptan participar bajo su propia responsabilidad. En el caso de los menores de edad y personas vulnerables, los padres o tutores de los mismos deber\u00e1n vigilar en\u00a0cualquier momento a sus familiares. Protecci\u00f3n a los espec\u00edmenes:\u00a0 As\u00ed mismo, se solicita que en ning\u00fan momento y bajo ninguna circunstancia los ejemplares sean manipulados por personas ajenas a sus cuidadores, de lo contrario, las personas involucradas ser\u00e1n expulsadas inmediatamente del santuario y del parque, sin posibilidad alguna de reembolso. Queda estrictamente prohibido consumir sustancias ilegales, bebidas recreativas, alimentos cocinados con alguna droga\u00a0y\/o sustancias recreativas dentro del parque o sus instalaciones. En caso de no obedecer, la o las personas involucradas ser\u00e1n remitidas a las autoridades. Igualmente, queda prohibido entrar con armas punzo cortantes o de fuego. Uso de las instalaciones: Villa Atl cuenta con instalaciones como el fogatero, el jaguey, las \u00e1reas para hacer parrilladas, el pabell\u00f3n Izta-popotl, el santuario del ajolote, etc\u00e9tera; el p\u00fablico que decida hacer uso de estos inmuebles deber\u00e1 hacerlo de forma pac\u00edfica y respetuosa, as\u00ed mismo, deber\u00e1n responsabilizarse de los residuos generados, dej\u00e1ndolos en la basura o \u00e1rea requerida 6. Tratamiento de Datos Personales Villa Atl recaba y trata datos personales para las siguientes finalidades: Identificaci\u00f3n y contacto: Para gestionar reservas y mantener comunicaci\u00f3n con los visitantes. Documentaci\u00f3n y difusi\u00f3n: Para compartir im\u00e1genes y materiales audiovisuales de nuestras actividades. Facturaci\u00f3n: Para emitir comprobantes fiscales. Seguridad: Para garantizar la seguridad de los visitantes y del personal. 7. Limitaci\u00f3n de Uso y Divulgaci\u00f3n de Datos Nos comprometemos a no divulgar los datos personales recabados a terceros ajenos a Villa Atl, salvo cuando: Sea requerido por una autoridad competente conforme a la legislaci\u00f3n aplicable. Se trate de un colaborador o proveedor de servicios que necesite los datos para llevar a cabo funciones relacionadas con las actividades del Santuario, bajo estrictas medidas de confidencialidad. 8. Derechos ARCO (Acceso, Rectificaci\u00f3n, Cancelaci\u00f3n y Oposici\u00f3n) Como titular de los datos personales, usted tiene derecho a: Acceder: Conocer los datos personales que tenemos y c\u00f3mo se utilizan. Rectificar: Solicitar la correcci\u00f3n de sus datos si son inexactos o incompletos. Cancelar: Solicitar la eliminaci\u00f3n de sus datos cuando no sean necesarios para las finalidades mencionadas. Oponerse: Negarse al uso de sus datos personales para fines espec\u00edficos. Para ejercer estos derechos, comun\u00edquese con nosotros a trav\u00e9s de [correo electr\u00f3nico] o en nuestra direcci\u00f3n f\u00edsica. 9. Aceptaci\u00f3n de T\u00e9rminos Al realizar una reserva y participar en nuestras actividades, los visitantes aceptan estos t\u00e9rminos y condiciones, incluyendo el aviso de privacidad y el uso de su imagen para los fines antes mencionados, liberando a Villa Atl de cualquier responsabilidad relacionada con su visita al Santuario del Ajolote. 10. Legislaci\u00f3n Aplicable y Jurisdicci\u00f3n Este documento se regir\u00e1 e interpretar\u00e1 de acuerdo con la legislaci\u00f3n vigente en M\u00e9xico y el Estado de Puebla. Para la interpretaci\u00f3n y cumplimiento de este aviso, las partes se someten a la jurisdicci\u00f3n de los tribunales correspondientes en el estado de Puebla o a las autoridades pertinentes. 11. Modificaciones al Aviso de Privacidad y T\u00e9rminos y Condiciones Villa Atl se reserva el derecho de modificar este documento en cualquier momento. Los cambios ser\u00e1n comunicados a trav\u00e9s de nuestro sitio web o mediante otros medios de contacto proporcionados por los visitantes.<\/p>\n","protected":false},"author":3,"featured_media":0,"parent":0,"menu_order":0,"comment_status":"closed","ping_status":"closed","template":"","meta":{"_price":"","_stock":"","_tribe_ticket_header":"","_tribe_default_ticket_provider":"","_tribe_ticket_capacity":"0","_ticket_start_date":"","_ticket_end_date":"","_tribe_ticket_show_description":"","_tribe_ticket_show_not_going":false,"_tribe_ticket_use_global_stock":"","_tribe_ticket_global_stock_level":"","_global_stock_mode":"","_global_stock_cap":"","_tribe_rsvp_for_event":"","_tribe_ticket_going_count":"","_tribe_ticket_not_going_count":"","_tribe_tickets_list":"[]","_tribe_ticket_has_attendee_info_fields":false,"footnotes":""},"class_list":["post-1374","page","type-page","status-publish","hentry"],"jetpack_sharing_enabled":true,"ticketed":false,"_links":{"self":[{"href":"https:\/\/villaatl.com\/wp-json\/wp\/v2\/pages\/1374"}],"collection":[{"href":"https:\/\/villaatl.com\/wp-json\/wp\/v2\/pages"}],"about":[{"href":"https:\/\/villaatl.com\/wp-json\/wp\/v2\/types\/page"}],"author":[{"embeddable":true,"href":"https:\/\/villaatl.com\/wp-json\/wp\/v2\/users\/3"}],"replies":[{"embeddable":true,"href":"https:\/\/villaatl.com\/wp-json\/wp\/v2\/comments?post=1374"}],"version-history":[{"count":11,"href":"https:\/\/villaatl.com\/wp-json\/wp\/v2\/pages\/1374\/revisions"}],"predecessor-version":[{"id":1387,"href":"https:\/\/villaatl.com\/wp-json\/wp\/v2\/pages\/1374\/revisions\/1387"}],"wp:attachment":[{"href":"https:\/\/villaatl.com\/wp-json\/wp\/v2\/media?parent=1374"}],"curies":[{"name":"wp","href":"https:\/\/api.w.org\/{rel}","templated":true}]}}